{"id":662,"date":"2024-06-20T13:15:28","date_gmt":"2024-06-20T17:15:28","guid":{"rendered":"https:\/\/checkmig.visator.com\/conditions-generales-dutilisation\/"},"modified":"2024-07-11T05:39:19","modified_gmt":"2024-07-11T05:39:19","slug":"conditions-generales-dutilisation","status":"publish","type":"page","link":"https:\/\/checkmig.visator.com\/fr\/conditions-generales-dutilisation\/","title":{"rendered":"Conditions g\u00e9n\u00e9rales d&#8217;utilisation"},"content":{"rendered":"\t\t<div data-elementor-type=\"wp-page\" data-elementor-id=\"662\" class=\"elementor elementor-662 elementor-216\" data-elementor-post-type=\"page\">\n\t\t\t\t<div class=\"elementor-element elementor-element-5312e8f e-flex e-con-boxed e-con e-parent\" data-id=\"5312e8f\" data-element_type=\"container\" data-settings=\"{&quot;background_background&quot;:&quot;classic&quot;}\">\n\t\t\t\t\t<div class=\"e-con-inner\">\n\t\t\t\t<div class=\"elementor-element elementor-element-d5eb929 elementor-widget elementor-widget-heading\" data-id=\"d5eb929\" data-element_type=\"widget\" data-widget_type=\"heading.default\">\n\t\t\t\t<div class=\"elementor-widget-container\">\n\t\t\t\t\t<h1 class=\"elementor-heading-title elementor-size-default\">Conditions g\u00e9n\u00e9rales d'utilisation<\/h1>\t\t\t\t<\/div>\n\t\t\t\t<\/div>\n\t\t\t\t\t<\/div>\n\t\t\t\t<\/div>\n\t\t<div class=\"elementor-element elementor-element-e140d0c e-flex e-con-boxed e-con e-parent\" data-id=\"e140d0c\" data-element_type=\"container\">\n\t\t\t\t\t<div class=\"e-con-inner\">\n\t\t\t\t<div class=\"elementor-element elementor-element-3a621a3 elementor-widget elementor-widget-text-editor\" data-id=\"3a621a3\" data-element_type=\"widget\" data-widget_type=\"text-editor.default\">\n\t\t\t\t<div class=\"elementor-widget-container\">\n\t\t\t\t\t\t\t\t\t<p>Vous utilisez notre &#8220;service&#8221; chaque fois que vous visitez notre site web ou que vous effectuez un achat chez nous, et vous acceptez nos conditions g\u00e9n\u00e9rales (&#8220;conditions g\u00e9n\u00e9rales&#8221;).<\/p>\n<p>Toute personne qui visite le site est automatiquement li\u00e9e par les termes et conditions.<\/p>\n<p>Les clients, les acheteurs, les navigateurs, les cr\u00e9ateurs de contenu et toute autre personne qui utilise le site entrent dans cette cat\u00e9gorie.<\/p>\n<p>Les termes &#8220;vous&#8221; et &#8220;votre&#8221; d\u00e9signent les personnes qui remplissent une demande sur le site web pour elles-m\u00eames ou pour une autre personne, qui est d\u00e9sign\u00e9e comme le &#8220;demandeur&#8221;.<\/p>\n<p>Les termes &#8220;nous&#8221;, &#8220;notre&#8221; et &#8220;nos&#8221; sont uniquement utilis\u00e9s pour d\u00e9signer le site web lui-m\u00eame.<\/p>\n<p>Avant d&#8217;utiliser les services de notre site, nous vous conseillons vivement de lire nos conditions g\u00e9n\u00e9rales.<\/p>\n<p>Vous avez automatiquement accept\u00e9 les conditions g\u00e9n\u00e9rales d\u00e8s que vous avez acc\u00e9d\u00e9 \u00e0 notre site web.<\/p>\n<p>Si vous n&#8217;acceptez pas nos conditions g\u00e9n\u00e9rales pour quelque raison que ce soit, vous ne serez pas autoris\u00e9 \u00e0 utiliser notre site web ou l&#8217;un de ses services.<\/p>\n<p>L&#8217;acceptation est express\u00e9ment limit\u00e9e aux pr\u00e9sentes conditions g\u00e9n\u00e9rales si celles-ci sont consid\u00e9r\u00e9es comme une offre.<\/p>\n<p>Nous, &#8220;Nous&#8221;, &#8220;Notre&#8221;, &#8220;Administrateur&#8221;, &#8220;Fournisseur de services&#8221; et &#8220;la Soci\u00e9t\u00e9&#8221; font tous r\u00e9f\u00e9rence \u00e0 notre site web checkmigcolombia.us.<\/p>\n<p><strong>A propos de nos services<\/strong><\/p>\n<p>Notre objectif principal est de fournir des informations sur la proc\u00e9dure d&#8217;autorisation de voyage pour les citoyens non colombiens qui souhaitent se rendre en Colombie.<\/p>\n<p>Nous disposons d&#8217;agents sp\u00e9cialis\u00e9s qui peuvent vous aider \u00e0 obtenir des informations pr\u00e9cises sur la proc\u00e9dure de demande et sur la r\u00e9glementation colombienne en mati\u00e8re de voyages.<\/p>\n<p>Si des informations suppl\u00e9mentaires ou des pr\u00e9cisions sont n\u00e9cessaires pour compl\u00e9ter la demande, nos agents peuvent \u00eatre contact\u00e9s par courrier \u00e9lectronique.<\/p>\n<p>Aucun conseil juridique ne sera disponible et nous ne serons affili\u00e9s \u00e0 aucune agence gouvernementale.<\/p>\n<p>Si vous avez besoin d&#8217;un conseil juridique en rapport avec votre demande, veuillez contacter les services juridiques appropri\u00e9s sous la forme d&#8217;un avocat agr\u00e9\u00e9.<\/p>\n<p>Toutes les informations figurant sur notre site Web proviennent de sources fiables et sont bas\u00e9es sur les informations publiques actuelles fournies par les autorit\u00e9s colombiennes.<\/p>\n<p>Notre site web a \u00e9t\u00e9 con\u00e7u de mani\u00e8re \u00e0 ce que vous puissiez recueillir des informations pertinentes et pr\u00e9cises \u00e0 partir d&#8217;un portail en ligne en toute simplicit\u00e9.<\/p>\n<p>Toutefois, toute information figurant sur notre site doit \u00eatre utilis\u00e9e aux risques et p\u00e9rils de l&#8217;utilisateur.<\/p>\n<p>Veuillez contacter le service client\u00e8le si vous avez des questions ou des pr\u00e9occupations concernant les informations fournies sur ce site web.<\/p>\n<p>Nous nous effor\u00e7ons de disposer des informations les plus r\u00e9centes et les plus pr\u00e9cises possibles, et nous suivons et examinons r\u00e9guli\u00e8rement les nouvelles politiques et proc\u00e9dures gouvernementales.<\/p>\n<p><strong>Frais de service<\/strong><\/p>\n<p>Nos frais de service s&#8217;\u00e9l\u00e8vent \u00e0 52 USD. Le formulaire des douanes et de l&#8217;immigration est \u00e9galement disponible gratuitement sur le site web du gouvernement &#8211; migracioncolombia.gov.co.<\/p>\n<p><strong>Cookies<\/strong><\/p>\n<p>Les cookies sont des fichiers texte que nous envoyons \u00e0 votre ordinateur ou \u00e0 votre appareil mobile. Ils sont sp\u00e9cifiques \u00e0 un compte ou \u00e0 un navigateur.<\/p>\n<p>Les cookies de session sont des cookies temporaires qui n&#8217;existent que lorsque votre navigateur est actif et qui sont automatiquement supprim\u00e9s lorsque le navigateur n&#8217;est pas ouvert.<\/p>\n<p>Les cookies persistants restent dans votre navigateur jusqu&#8217;\u00e0 ce que vous les supprimiez ou qu&#8217;ils expirent.<\/p>\n<p>Visitez le site http:\/\/www.allaboutcookies.org\/ pour en savoir plus sur les cookies.<\/p>\n<p>L&#8217;entreprise utilise des cookies et d&#8217;autres technologies telles que les balises web et les pixels invisibles. Notre site utilise des cookies bas\u00e9s sur la session mais aussi des cookies persistants. Sur les domaines g\u00e9r\u00e9s par l&#8217;entreprise et ses partenaires et filiales, nous installons et acc\u00e9dons \u00e0 nos cookies.<\/p>\n<p>Nous utilisons \u00e9galement des cookies de tiers, tels que Google Analytics.<\/p>\n<p>Pour savoir que vous \u00eates connect\u00e9 et o\u00f9 vous \u00eates connect\u00e9, certains cookies sont associ\u00e9s \u00e0 votre compte et \u00e0 vos informations personnelles.<\/p>\n<p>D&#8217;autres cookies ne sont pas li\u00e9s \u00e0 votre compte &#8211; ils sont uniques et nous aident, entre autres, \u00e0 la personnalisation et \u00e0 l&#8217;analyse.<\/p>\n<p>Lorsque vous visitez et utilisez les services de notre site web, les cookies peuvent \u00eatre utilis\u00e9s pour vous reconna\u00eetre, pour m\u00e9moriser et stocker vos pr\u00e9f\u00e9rences et pour vous offrir une exp\u00e9rience d&#8217;utilisation personnalis\u00e9e qui correspond \u00e0 votre profil et \u00e0 vos pr\u00e9f\u00e9rences.<\/p>\n<p>Les cookies am\u00e9liorent \u00e9galement la rapidit\u00e9 et la s\u00e9curit\u00e9 de vos interactions.<\/p>\n<figure class=\"wp-block-table\">\n<table>\n<thead>\n<tr>\n<td>\n  <strong>Cat\u00e9gories d&#8217;utilisation<\/strong>\n<\/td>\n<td>\n  <strong>Description de l&#8217;utilisation<\/strong>\n<\/td>\n<\/tr>\n<\/thead>\n<tbody>\n<tr>\n<td>Authentification<\/td>\n<td>Les cookies permettent de vous fournir les bonnes informations et la bonne exp\u00e9rience d&#8217;utilisation si vous \u00eates connect\u00e9 \u00e0 nos services.<\/td>\n<\/tr>\n<tr>\n<td>S\u00e9curit\u00e9<\/td>\n<td>Les cookies sont utilis\u00e9s pour permettre et soutenir les caract\u00e9ristiques de s\u00e9curit\u00e9, ainsi que pour aider \u00e0 la d\u00e9tection d&#8217;activit\u00e9s malveillantes.<\/td>\n<\/tr>\n<tr>\n<td>Pr\u00e9f\u00e9rences, caract\u00e9ristiques et services<\/td>\n<td>Les cookies peuvent nous indiquer la langue que vous pr\u00e9f\u00e9rez et la mani\u00e8re dont vous pr\u00e9f\u00e9rez communiquer. Ils peuvent vous aider \u00e0 remplir plus facilement les formulaires sur nos sites web. Ils vous offrent \u00e9galement des fonctionnalit\u00e9s, des informations et un contenu personnalis\u00e9.<\/td>\n<\/tr>\n<tr>\n<td>Marketing<\/td>\n<td>Les cookies peuvent \u00eatre utilis\u00e9s pour faciliter la mise en \u0153uvre de campagnes de marketing et le suivi de leur efficacit\u00e9 (par exemple, un utilisateur a visit\u00e9 notre centre d&#8217;aide et a ensuite effectu\u00e9 un achat). En outre, nos partenaires peuvent utiliser des cookies pour nous fournir des informations sur les exp\u00e9riences avec leurs services, mais leur utilisation est soumise aux politiques du fournisseur de services. Les cookies peuvent \u00eatre utilis\u00e9s pour faciliter la r\u00e9alisation de campagnes de marketing et le suivi de leur efficacit\u00e9. De m\u00eame, nos partenaires peuvent utiliser des cookies pour nous fournir des informations sur vos exp\u00e9riences avec leurs services, mais leur utilisation sera r\u00e9gie par les politiques du fournisseur de services.<\/td>\n<\/tr>\n<tr>\n<td>Performance, analyse et recherche<\/td>\n<td>Les cookies nous aident \u00e0 d\u00e9terminer l&#8217;efficacit\u00e9 de notre site web et de nos services. Nous utilisons \u00e9galement des cookies pour mieux comprendre, d\u00e9velopper et \u00e9tudier les produits, les fonctionnalit\u00e9s et les services, ainsi que pour garder une trace des appareils auxquels vous acc\u00e9dez ou avez acc\u00e9d\u00e9 \u00e0 nos sites web et \u00e0 nos services, tels que votre ordinateur de travail ou votre appareil mobile.<\/td>\n<\/tr>\n<\/tbody>\n<\/table>\n<\/figure>\n<p>Les cookies et autres technologies publicitaires telles que les balises, les pixels et les tags nous aident \u00e0 faire de la publicit\u00e9 plus efficacement aupr\u00e8s des utilisateurs qui, selon nous et nos partenaires, sont susceptibles d&#8217;\u00eatre int\u00e9ress\u00e9s par l&#8217;entreprise.<\/p>\n<p>Ils nous aident \u00e9galement \u00e0 fournir des audits, des analyses et des rapports agr\u00e9g\u00e9s, et nous permettent de savoir quand vous avez consult\u00e9 un contenu.<\/p>\n<p>Certaines personnes choisissent de ne pas accepter les cookies. C&#8217;est pourquoi la plupart des navigateurs vous permettent de g\u00e9rer les cookies selon vos pr\u00e9f\u00e9rences.<\/p>\n<p>Vous pouvez d\u00e9finir des r\u00e8gles pour les traiter site par site dans certains navigateurs, ce qui vous permet de contr\u00f4ler plus pr\u00e9cis\u00e9ment la protection de la vie priv\u00e9e.<\/p>\n<p>Cela signifie que vous pouvez bloquer les cookies de tous les sites, \u00e0 l&#8217;exception de ceux auxquels vous faites confiance.<\/p>\n<p><strong>Utilisation du site web<\/strong><\/p>\n<p>En utilisant notre site web, vous acceptez de l&#8217;utiliser uniquement \u00e0 des fins personnelles.<\/p>\n<p>Vous n&#8217;\u00eates pas autoris\u00e9 \u00e0 t\u00e9l\u00e9charger, modifier ou alt\u00e9rer toute partie du site web pour l&#8217;utiliser \u00e0 des fins commerciales telles que la revente ou la publicit\u00e9.<\/p>\n<p>Une soci\u00e9t\u00e9 priv\u00e9e est l&#8217;unique propri\u00e9taire de ce site Web priv\u00e9.<\/p>\n<p><strong>Programmes d&#8217;affiliation<\/strong><\/p>\n<p>Pour l&#8217;instant, aucun programme d&#8217;affiliation n&#8217;est disponible.<\/p>\n<p><strong>Licence Conception du site web et du logo<\/strong><\/p>\n<p>Nous et les propri\u00e9taires du contenu sommes propri\u00e9taires de tout le mat\u00e9riel g\u00e9n\u00e9r\u00e9 sur ce site web.<\/p>\n<p>Le texte, les graphiques, les logos, les ic\u00f4nes, les photographies, les compilations de donn\u00e9es et les applications en sont autant d&#8217;exemples.<\/p>\n<p>Les lois internationales sur les droits d&#8217;auteur et les marques commerciales s&#8217;appliquent \u00e0 l&#8217;ensemble du contenu.<\/p>\n<p>Les lois du pays dans lequel notre entreprise op\u00e8re couvrent nos compilations mat\u00e9rielles.<\/p>\n<p>Les logiciels utilis\u00e9s sur ce site Internet sont la propri\u00e9t\u00e9 exclusive du site Internet et sont prot\u00e9g\u00e9s par les lois locales et internationales sur les droits d&#8217;auteur ainsi que par les fournisseurs de logiciels.<\/p>\n<p><strong>Avis juridique et clause de non-responsabilit\u00e9<\/strong><\/p>\n<p>Ce site n&#8217;est pas associ\u00e9 au gouvernement colombien ni \u00e0 aucune autre agence d&#8217;\u00c9tat.<\/p>\n<p>Il s&#8217;agit d&#8217;une entreprise priv\u00e9e.<\/p>\n<p>La plateforme est g\u00e9r\u00e9e par, et toute correspondance doit \u00eatre adress\u00e9e \u00e0 :<\/p>\n<figure class=\"wp-block-image size-full\"><img decoding=\"async\" class=\"wp-image-138\" title=\"Conditions g\u00e9n\u00e9rales 1\" src=\"https:\/\/checkmigcolombia.us\/wp-content\/uploads\/2024\/04\/address-1.png\" alt=\"adresse 1\" width=\"286\" height=\"161\"><\/figure>\n<p><strong>Divers<\/strong><\/p>\n<p>Chaque fois que vous visitez ce site, vous acceptez automatiquement nos conditions g\u00e9n\u00e9rales.<\/p>\n<p>Nous avons le droit d&#8217;amender ou de modifier ces termes et conditions, et tout changement ou modification prendra effet imm\u00e9diatement.<\/p>\n<p>Toute modification des termes et conditions doit \u00eatre examin\u00e9e par la personne qui acc\u00e8de \u00e0 ce site.<\/p>\n<p><strong>Conditions g\u00e9n\u00e9rales<\/strong><\/p>\n<p>Vous reconnaissez que vous avez l&#8217;\u00e2ge l\u00e9gal dans votre pays et votre \u00e9tat en acceptant les pr\u00e9sentes conditions g\u00e9n\u00e9rales.<\/p>\n<p>Si vous n&#8217;avez pas l&#8217;\u00e2ge l\u00e9gal de la majorit\u00e9, vous acceptez d&#8217;utiliser notre site Web avec l&#8217;autorisation de la personne mineure \u00e0 votre charge.<\/p>\n<p>L&#8217;utilisation de nos services d&#8217;une mani\u00e8re ill\u00e9gale ou non autoris\u00e9e qui viole les lois de votre juridiction est strictement interdite.<\/p>\n<p>Nous nous r\u00e9servons le droit de refuser le service si nous estimons que les informations fournies lors du service sont ill\u00e9gitimes ou trompeuses. Comme il s&#8217;agit d&#8217;un crime, tout comportement criminel nous am\u00e8nerait \u00e0 mettre fin \u00e0 nos relations avec vous.<\/p>\n<p>Derni\u00e8re mise \u00e0 jour : 25 mars 2024<\/p>\n\t\t\t\t\t\t\t\t<\/div>\n\t\t\t\t<\/div>\n\t\t\t\t\t<\/div>\n\t\t\t\t<\/div>\n\t\t\t\t<\/div>\n\t\t","protected":false},"excerpt":{"rendered":"<p>Conditions g\u00e9n\u00e9rales d&#8217;utilisation Vous utilisez notre &#8220;service&#8221; chaque fois que vous visitez notre site web ou que vous effectuez un achat chez nous, et vous acceptez nos conditions g\u00e9n\u00e9rales (&#8220;conditions g\u00e9n\u00e9rales&#8221;). Toute personne qui visite le site est automatiquement li\u00e9e par les termes et conditions. Les clients, les acheteurs, les navigateurs, les cr\u00e9ateurs de contenu&#8230;<\/p>\n","protected":false},"author":1,"featured_media":0,"parent":0,"menu_order":0,"comment_status":"closed","ping_status":"closed","template":"","meta":{"_kad_post_transparent":"","_kad_post_title":"","_kad_post_layout":"","_kad_post_sidebar_id":"","_kad_post_content_style":"","_kad_post_vertical_padding":"","_kad_post_feature":"","_kad_post_feature_position":"","_kad_post_header":false,"_kad_post_footer":false,"_kad_post_classname":"","footnotes":""},"class_list":["post-662","page","type-page","status-publish","hentry"],"_links":{"self":[{"href":"https:\/\/checkmig.visator.com\/fr\/wp-json\/wp\/v2\/pages\/662","targetHints":{"allow":["GET"]}}],"collection":[{"href":"https:\/\/checkmig.visator.com\/fr\/wp-json\/wp\/v2\/pages"}],"about":[{"href":"https:\/\/checkmig.visator.com\/fr\/wp-json\/wp\/v2\/types\/page"}],"author":[{"embeddable":true,"href":"https:\/\/checkmig.visator.com\/fr\/wp-json\/wp\/v2\/users\/1"}],"replies":[{"embeddable":true,"href":"https:\/\/checkmig.visator.com\/fr\/wp-json\/wp\/v2\/comments?post=662"}],"version-history":[{"count":1,"href":"https:\/\/checkmig.visator.com\/fr\/wp-json\/wp\/v2\/pages\/662\/revisions"}],"predecessor-version":[{"id":663,"href":"https:\/\/checkmig.visator.com\/fr\/wp-json\/wp\/v2\/pages\/662\/revisions\/663"}],"wp:attachment":[{"href":"https:\/\/checkmig.visator.com\/fr\/wp-json\/wp\/v2\/media?parent=662"}],"curies":[{"name":"wp","href":"https:\/\/api.w.org\/{rel}","templated":true}]}}