{"id":650,"date":"2024-06-20T13:15:28","date_gmt":"2024-06-20T17:15:28","guid":{"rendered":"https:\/\/checkmig.visator.com\/terminos-y-condiciones\/"},"modified":"2024-07-11T05:39:18","modified_gmt":"2024-07-11T05:39:18","slug":"terminos-y-condiciones","status":"publish","type":"page","link":"https:\/\/checkmig.visator.com\/es\/terminos-y-condiciones\/","title":{"rendered":"T\u00e9rminos y condiciones"},"content":{"rendered":"\t\t<div data-elementor-type=\"wp-page\" data-elementor-id=\"650\" class=\"elementor elementor-650 elementor-216\" data-elementor-post-type=\"page\">\n\t\t\t\t<div class=\"elementor-element elementor-element-5312e8f e-flex e-con-boxed e-con e-parent\" data-id=\"5312e8f\" data-element_type=\"container\" data-settings=\"{&quot;background_background&quot;:&quot;classic&quot;}\">\n\t\t\t\t\t<div class=\"e-con-inner\">\n\t\t\t\t<div class=\"elementor-element elementor-element-d5eb929 elementor-widget elementor-widget-heading\" data-id=\"d5eb929\" data-element_type=\"widget\" data-widget_type=\"heading.default\">\n\t\t\t\t<div class=\"elementor-widget-container\">\n\t\t\t\t\t<h1 class=\"elementor-heading-title elementor-size-default\">T\u00e9rminos y condiciones<\/h1>\t\t\t\t<\/div>\n\t\t\t\t<\/div>\n\t\t\t\t\t<\/div>\n\t\t\t\t<\/div>\n\t\t<div class=\"elementor-element elementor-element-e140d0c e-flex e-con-boxed e-con e-parent\" data-id=\"e140d0c\" data-element_type=\"container\">\n\t\t\t\t\t<div class=\"e-con-inner\">\n\t\t\t\t<div class=\"elementor-element elementor-element-3a621a3 elementor-widget elementor-widget-text-editor\" data-id=\"3a621a3\" data-element_type=\"widget\" data-widget_type=\"text-editor.default\">\n\t\t\t\t<div class=\"elementor-widget-container\">\n\t\t\t\t\t\t\t\t\t<p>Est\u00e1s utilizando nuestro &#8220;Servicio&#8221; cada vez que visitas nuestro Sitio Web o nos haces una compra, y est\u00e1s aceptando nuestros t\u00e9rminos y condiciones (&#8220;T\u00e9rminos y Condiciones&#8221;).<\/p>\n<p>Cualquier persona que visite el sitio queda autom\u00e1ticamente vinculada por los t\u00e9rminos y condiciones.<\/p>\n<p>Los clientes, compradores, navegantes, creadores de contenidos y cualquier otra persona que utilice el sitio entran en esta categor\u00eda.<\/p>\n<p>Los t\u00e9rminos &#8220;t\u00fa&#8221; y &#8220;tu&#8221; se refieren a las personas que rellenan una solicitud en el Sitio Web para s\u00ed mismas o para otra persona, a la que se denomina &#8220;solicitante&#8221;.<\/p>\n<p>Los t\u00e9rminos &#8220;nosotros&#8221;, &#8220;nos&#8221; y &#8220;nuestro&#8221; se utilizan \u00fanicamente para referirse al Sitio Web en s\u00ed.<\/p>\n<p>Antes de utilizar los servicios de nuestro sitio, te aconsejamos encarecidamente que leas nuestros T\u00e9rminos y Condiciones.<\/p>\n<p>Has aceptado autom\u00e1ticamente los T\u00e9rminos y Condiciones una vez que has entrado en nuestro Sitio Web.<\/p>\n<p>En caso de que no est\u00e9s de acuerdo con nuestros t\u00e9rminos y condiciones por cualquier motivo, no se te permitir\u00e1 utilizar nuestro Sitio Web ni ninguno de sus servicios.<\/p>\n<p>La aceptaci\u00f3n se limita expresamente a estos T\u00e9rminos y Condiciones si \u00e9stos se consideran una oferta.<\/p>\n<p>Nosotros, &#8220;Nosotros&#8221;, &#8220;Nuestro&#8221;, &#8220;Administrador&#8221;, &#8220;Proveedor de Servicios&#8221; y &#8220;la Empresa&#8221; se refieren a nuestro Sitio Web checkmigcolombia.us.<\/p>\n<p><strong>Sobre nuestros servicios<\/strong><\/p>\n<p>Nuestro objetivo principal es proporcionar informaci\u00f3n sobre el proceso de Autorizaci\u00f3n de Viaje para ciudadanos no colombianos que deseen viajar a Colombia.<\/p>\n<p>Contamos con agentes especializados que pueden ayudarte a obtener informaci\u00f3n precisa sobre el proceso de solicitud y la normativa colombiana en materia de viajes.<\/p>\n<p>Si se necesita informaci\u00f3n adicional o aclaraciones para completar la solicitud, puedes ponerte en contacto con nuestros agentes por correo electr\u00f3nico.<\/p>\n<p>No habr\u00e1 asesoramiento jur\u00eddico disponible, y no estaremos afiliados a ning\u00fan organismo gubernamental.<\/p>\n<p>Si necesitas asesoramiento jur\u00eddico en relaci\u00f3n con tu solicitud, ponte en contacto con los servicios jur\u00eddicos apropiados en forma de abogado colegiado.<\/p>\n<p>Toda la informaci\u00f3n de nuestro Sitio Web procede de fuentes fiables y se basa en informaci\u00f3n p\u00fablica actualizada proporcionada por las autoridades colombianas.<\/p>\n<p>Nuestro sitio web se ha dise\u00f1ado de tal forma que podr\u00e1s recopilar informaci\u00f3n relevante y precisa de un portal en l\u00ednea con total facilidad.<\/p>\n<p>Sin embargo, cualquier informaci\u00f3n de nuestro sitio s\u00f3lo debe utilizarse por cuenta y riesgo del usuario.<\/p>\n<p>Ponte en contacto con el servicio de atenci\u00f3n al cliente si tienes alguna pregunta o duda sobre la informaci\u00f3n proporcionada en este Sitio Web.<\/p>\n<p>Nos esforzamos por tener la informaci\u00f3n m\u00e1s actualizada y precisa posible, y controlamos y revisamos peri\u00f3dicamente las nuevas pol\u00edticas y procedimientos gubernamentales.<\/p>\n<p><strong>Cuota de servicio<\/strong><\/p>\n<p>Nuestra tarifa de servicio es de 52 USD. El Formulario de Aduanas e Inmigraci\u00f3n tambi\u00e9n est\u00e1 disponible gratuitamente en el sitio web del gobierno &#8211; migracioncolombia.gov.co.<\/p>\n<p><strong>Cookies<\/strong><\/p>\n<p>Las cookies son archivos de texto que tu ordenador o dispositivo m\u00f3vil recibe de nosotros. Son espec\u00edficos de la cuenta o del navegador.<\/p>\n<p>Las cookies de sesi\u00f3n son cookies temporales que s\u00f3lo existen mientras tu navegador est\u00e1 activo y se eliminan autom\u00e1ticamente cuando el navegador no est\u00e1 abierto.<\/p>\n<p>Las cookies persistentes permanecen en tu navegador hasta que las eliminas o caducan.<\/p>\n<p>Visita http:\/\/www.allaboutcookies.org\/ para informarte sobre las cookies.<\/p>\n<p>La Empresa utiliza cookies y tecnolog\u00edas similares, como balizas web y gifs de p\u00edxel \u00fanico. En nuestro sitio se utilizan cookies de sesi\u00f3n, pero tambi\u00e9n persistentes. En los dominios gestionados por la Empresa y sus socios corporativos y filiales, establecemos y accedemos a nuestras cookies.<\/p>\n<p>Tambi\u00e9n utilizamos cookies de terceros, como Google Analytics.<\/p>\n<p>Para saber que has iniciado sesi\u00f3n y d\u00f3nde lo has hecho, algunas cookies se asocian a tu cuenta y a tu informaci\u00f3n personal.<\/p>\n<p>Otras cookies no est\u00e1n vinculadas a tu cuenta: son \u00fanicas y nos ayudan, entre otras cosas, con la personalizaci\u00f3n y los an\u00e1lisis.<\/p>\n<p>Cuando visitas y utilizas los servicios de nuestro Sitio Web, las cookies pueden utilizarse para reconocerte, recordar y almacenar tus preferencias, y proporcionarte una experiencia de uso personalizada que se ajuste a tu perfil y preferencias.<\/p>\n<p>Las cookies tambi\u00e9n mejoran la velocidad y la seguridad de tus interacciones.<\/p>\n<figure class=\"wp-block-table\">\n<table>\n<thead>\n<tr>\n<td>\n  <strong>Categor\u00edas de uso<\/strong>\n<\/td>\n<td>\n  <strong>Descripci\u00f3n<\/strong>\n<\/td>\n<\/tr>\n<\/thead>\n<tbody>\n<tr>\n<td>Autenticaci\u00f3n<\/td>\n<td>Las cookies ayudan a proporcionar la informaci\u00f3n y la experiencia de uso correctas si has iniciado sesi\u00f3n en nuestros Servicios.<\/td>\n<\/tr>\n<tr>\n<td>Seguridad<\/td>\n<td>Las cookies se utilizan para permitir y apoyar las caracter\u00edsticas de seguridad, as\u00ed como para ayudar en la detecci\u00f3n de actividades maliciosas.<\/td>\n<\/tr>\n<tr>\n<td>Preferencias, funciones y servicios<\/td>\n<td>Las cookies pueden decirnos qu\u00e9 idioma prefieres y c\u00f3mo prefieres comunicarte. Pueden facilitarte la cumplimentaci\u00f3n de formularios en nuestros Sitios Web. Tambi\u00e9n te ofrecen funciones, informaci\u00f3n y contenidos personalizados.<\/td>\n<\/tr>\n<tr>\n<td>Marketing<\/td>\n<td>Las cookies pueden utilizarse para ayudar en la entrega de campa\u00f1as de marketing y el seguimiento de su eficacia (por ejemplo, un usuario visit\u00f3 nuestro Centro de Ayuda y luego realiz\u00f3 una compra). Adem\u00e1s, nuestros socios pueden utilizar cookies para proporcionarnos informaci\u00f3n sobre las experiencias con sus servicios, pero su uso est\u00e1 sujeto a las pol\u00edticas del proveedor del servicio. Las cookies pueden utilizarse para ayudar en la entrega de campa\u00f1as de marketing y el seguimiento de su eficacia. Del mismo modo, nuestros socios pueden utilizar cookies para proporcionarnos informaci\u00f3n sobre tus experiencias con sus servicios, pero su uso se regir\u00e1 por las pol\u00edticas del proveedor del servicio.<\/td>\n<\/tr>\n<tr>\n<td>Rendimiento, an\u00e1lisis e investigaci\u00f3n<\/td>\n<td>Las cookies nos ayudan a determinar la eficacia de nuestro Sitio Web y Servicios. Tambi\u00e9n utilizamos cookies para comprender, desarrollar y estudiar mejor los productos, funciones y servicios, as\u00ed como para hacer un seguimiento de los dispositivos a los que accedes o has accedido a nuestros Sitios Web y Servicios, como el ordenador del trabajo o el dispositivo m\u00f3vil.<\/td>\n<\/tr>\n<\/tbody>\n<\/table>\n<\/figure>\n<p>Las cookies y otras tecnolog\u00edas publicitarias como balizas, p\u00edxeles y etiquetas nos ayudan a anunciarnos a los usuarios que nosotros y nuestros socios pensamos que pueden estar interesados en la Empresa de forma m\u00e1s eficaz.<\/p>\n<p>Tambi\u00e9n nos ayudan a proporcionar auditor\u00edas, an\u00e1lisis e informes agregados, as\u00ed como a saber cu\u00e1ndo has visto el contenido.<\/p>\n<p>Algunas personas deciden no aceptar cookies. Por eso, la mayor\u00eda de los navegadores te permiten gestionar las cookies seg\u00fan tus preferencias.<\/p>\n<p>Puedes establecer reglas para gestionarlas sitio por sitio en determinados navegadores, lo que te proporciona un control m\u00e1s preciso de la privacidad.<\/p>\n<p>Esto significa que puedes bloquear las cookies de todos los sitios excepto de aquellos en los que conf\u00edes.<\/p>\n<p><strong>Uso del sitio web<\/strong><\/p>\n<p>Al utilizar nuestro Sitio Web, aceptas utilizarlo \u00fanicamente con fines personales.<\/p>\n<p>No est\u00e1 permitido descargar, cambiar o alterar ninguna parte del Sitio Web para utilizarla con fines comerciales, como la reventa o la publicidad.<\/p>\n<p>Una empresa privada es la \u00fanica propietaria de este Sitio web privado.<\/p>\n<p><strong>Programas de afiliaci\u00f3n<\/strong><\/p>\n<p>En este momento, no hay programas de afiliaci\u00f3n disponibles.<\/p>\n<p><strong>Licencia Dise\u00f1o del sitio web y del logotipo<\/strong><\/p>\n<p>Nosotros y los propietarios del contenido somos propietarios de todo el material que se genera en este Sitio Web.<\/p>\n<p>Texto, gr\u00e1ficos, logotipos, iconos de botones, fotograf\u00edas, compilaciones de datos y aplicaciones son ejemplos de ello.<\/p>\n<p>Las leyes internacionales de derechos de autor y marcas registradas cubren todo el contenido.<\/p>\n<p>Las leyes del pa\u00eds en el que opera nuestra empresa dan cobertura a nuestras recopilaciones de material.<\/p>\n<p>El software utilizado en este Sitio Web es propiedad exclusiva del Sitio Web y est\u00e1 protegido por las leyes de copyright locales e internacionales, as\u00ed como por los proveedores del software.<\/p>\n<p><strong>Aviso legal y cl\u00e1usula de exenci\u00f3n de responsabilidad<\/strong><\/p>\n<p>Este Sitio Web no est\u00e1 asociado con el gobierno de Colombia ni con ning\u00fan otro organismo estatal.<\/p>\n<p>Se trata de una empresa privada.<\/p>\n<p>La plataforma est\u00e1 dirigida por, y cualquier correspondencia debe dirigirse a:<\/p>\n<figure class=\"wp-block-image size-full\"><img decoding=\"async\" class=\"wp-image-138\" title=\"Condiciones generales 1\" src=\"https:\/\/checkmigcolombia.us\/wp-content\/uploads\/2024\/04\/address-1.png\" alt=\"direcci\u00f3n 1\" width=\"286\" height=\"161\"><\/figure>\n<p><strong>Varios<\/strong><\/p>\n<p>Cada vez que visites este sitio, estar\u00e1s aceptando autom\u00e1ticamente nuestros t\u00e9rminos y condiciones.<\/p>\n<p>Tenemos derecho a enmendar o modificar estos t\u00e9rminos y condiciones, y cualquier cambio o modificaci\u00f3n entrar\u00e1 en vigor inmediatamente.<\/p>\n<p>Cualquier modificaci\u00f3n de los t\u00e9rminos y condiciones debe ser revisada por la persona que accede a este sitio.<\/p>\n<p><strong>Condiciones generales<\/strong><\/p>\n<p>Al aceptar estos t\u00e9rminos y condiciones, reconoces que eres mayor de edad en tu pa\u00eds y estado.<\/p>\n<p>Si no eres mayor de edad, te comprometes a utilizar nuestro Sitio Web con el permiso del menor a tu cargo.<\/p>\n<p>Est\u00e1 estrictamente prohibido utilizar nuestros servicios de forma ilegal o no autorizada que infrinja las leyes de tu jurisdicci\u00f3n.<\/p>\n<p>Nos reservamos el derecho a denegar el servicio siempre y cuando consideremos que la informaci\u00f3n facilitada durante el servicio es ileg\u00edtima o enga\u00f1osa. Dado que se trata de un delito grave, cualquier conducta delictiva nos llevar\u00eda a poner fin a nuestra relaci\u00f3n contigo.<\/p>\n<p>\u00daltima actualizaci\u00f3n: 25 de marzo de 2024<\/p>\n\t\t\t\t\t\t\t\t<\/div>\n\t\t\t\t<\/div>\n\t\t\t\t\t<\/div>\n\t\t\t\t<\/div>\n\t\t\t\t<\/div>\n\t\t","protected":false},"excerpt":{"rendered":"<p>T\u00e9rminos y condiciones Est\u00e1s utilizando nuestro &#8220;Servicio&#8221; cada vez que visitas nuestro Sitio Web o nos haces una compra, y est\u00e1s aceptando nuestros t\u00e9rminos y condiciones (&#8220;T\u00e9rminos y Condiciones&#8221;). Cualquier persona que visite el sitio queda autom\u00e1ticamente vinculada por los t\u00e9rminos y condiciones. Los clientes, compradores, navegantes, creadores de contenidos y cualquier otra persona que&#8230;<\/p>\n","protected":false},"author":1,"featured_media":0,"parent":0,"menu_order":0,"comment_status":"closed","ping_status":"closed","template":"","meta":{"_kad_post_transparent":"","_kad_post_title":"","_kad_post_layout":"","_kad_post_sidebar_id":"","_kad_post_content_style":"","_kad_post_vertical_padding":"","_kad_post_feature":"","_kad_post_feature_position":"","_kad_post_header":false,"_kad_post_footer":false,"_kad_post_classname":"","footnotes":""},"class_list":["post-650","page","type-page","status-publish","hentry"],"_links":{"self":[{"href":"https:\/\/checkmig.visator.com\/es\/wp-json\/wp\/v2\/pages\/650","targetHints":{"allow":["GET"]}}],"collection":[{"href":"https:\/\/checkmig.visator.com\/es\/wp-json\/wp\/v2\/pages"}],"about":[{"href":"https:\/\/checkmig.visator.com\/es\/wp-json\/wp\/v2\/types\/page"}],"author":[{"embeddable":true,"href":"https:\/\/checkmig.visator.com\/es\/wp-json\/wp\/v2\/users\/1"}],"replies":[{"embeddable":true,"href":"https:\/\/checkmig.visator.com\/es\/wp-json\/wp\/v2\/comments?post=650"}],"version-history":[{"count":1,"href":"https:\/\/checkmig.visator.com\/es\/wp-json\/wp\/v2\/pages\/650\/revisions"}],"predecessor-version":[{"id":652,"href":"https:\/\/checkmig.visator.com\/es\/wp-json\/wp\/v2\/pages\/650\/revisions\/652"}],"wp:attachment":[{"href":"https:\/\/checkmig.visator.com\/es\/wp-json\/wp\/v2\/media?parent=650"}],"curies":[{"name":"wp","href":"https:\/\/api.w.org\/{rel}","templated":true}]}}