{"id":678,"date":"2024-06-20T13:15:28","date_gmt":"2024-06-20T17:15:28","guid":{"rendered":"https:\/\/checkmig.visator.com\/bedingungen-und-konditionen\/"},"modified":"2024-07-11T05:39:21","modified_gmt":"2024-07-11T05:39:21","slug":"bedingungen-und-konditionen","status":"publish","type":"page","link":"https:\/\/checkmig.visator.com\/de\/bedingungen-und-konditionen\/","title":{"rendered":"Bedingungen und Konditionen"},"content":{"rendered":"\t\t<div data-elementor-type=\"wp-page\" data-elementor-id=\"678\" class=\"elementor elementor-678 elementor-216\" data-elementor-post-type=\"page\">\n\t\t\t\t<div class=\"elementor-element elementor-element-5312e8f e-flex e-con-boxed e-con e-parent\" data-id=\"5312e8f\" data-element_type=\"container\" data-settings=\"{&quot;background_background&quot;:&quot;classic&quot;}\">\n\t\t\t\t\t<div class=\"e-con-inner\">\n\t\t\t\t<div class=\"elementor-element elementor-element-d5eb929 elementor-widget elementor-widget-heading\" data-id=\"d5eb929\" data-element_type=\"widget\" data-widget_type=\"heading.default\">\n\t\t\t\t<div class=\"elementor-widget-container\">\n\t\t\t\t\t<h1 class=\"elementor-heading-title elementor-size-default\">Bedingungen und Konditionen<\/h1>\t\t\t\t<\/div>\n\t\t\t\t<\/div>\n\t\t\t\t\t<\/div>\n\t\t\t\t<\/div>\n\t\t<div class=\"elementor-element elementor-element-e140d0c e-flex e-con-boxed e-con e-parent\" data-id=\"e140d0c\" data-element_type=\"container\">\n\t\t\t\t\t<div class=\"e-con-inner\">\n\t\t\t\t<div class=\"elementor-element elementor-element-3a621a3 elementor-widget elementor-widget-text-editor\" data-id=\"3a621a3\" data-element_type=\"widget\" data-widget_type=\"text-editor.default\">\n\t\t\t\t<div class=\"elementor-widget-container\">\n\t\t\t\t\t\t\t\t\t<p>Jedes Mal, wenn Sie unsere Website besuchen oder einen Kauf bei uns t\u00e4tigen, nutzen Sie unseren &#8220;Service&#8221; und erkl\u00e4ren sich mit unseren Allgemeinen Gesch\u00e4ftsbedingungen (&#8220;AGB&#8221;) einverstanden.<\/p>\n<p>Jeder, der die Website besucht, ist automatisch an die Bedingungen und Konditionen gebunden.<\/p>\n<p>Kunden, K\u00e4ufer, Besucher, Autoren von Inhalten und alle anderen, die die Website nutzen, geh\u00f6ren zu dieser Kategorie.<\/p>\n<p>Die Begriffe &#8220;Sie&#8221; und &#8220;Ihr&#8221; beziehen sich auf Personen, die einen Antrag auf der Website f\u00fcr sich selbst oder f\u00fcr eine andere Person, die als &#8220;Antragsteller&#8221; bezeichnet wird, ausf\u00fcllen.<\/p>\n<p>Die Begriffe &#8220;wir&#8221;, &#8220;uns&#8221; und &#8220;unser&#8221; beziehen sich ausschlie\u00dflich auf die Website selbst.<\/p>\n<p>Bevor Sie die Dienste unserer Website nutzen, raten wir Ihnen dringend, unsere Allgemeinen Gesch\u00e4ftsbedingungen zu lesen.<\/p>\n<p>Sie haben den Allgemeinen Gesch\u00e4ftsbedingungen automatisch zugestimmt, sobald Sie unsere Website betreten haben.<\/p>\n<p>Sollten Sie aus irgendeinem Grund mit unseren Allgemeinen Gesch\u00e4ftsbedingungen nicht einverstanden sein, ist es Ihnen nicht gestattet, unsere Website oder einen ihrer Dienste zu nutzen.<\/p>\n<p>Die Annahme ist ausdr\u00fccklich auf diese Allgemeinen Gesch\u00e4ftsbedingungen beschr\u00e4nkt, wenn diese Allgemeinen Gesch\u00e4ftsbedingungen als Angebot betrachtet werden.<\/p>\n<p>Wir, &#8220;wir&#8221;, &#8220;unser&#8221;, &#8220;Administrator&#8221;, &#8220;Dienstanbieter&#8221; und &#8220;das Unternehmen&#8221; beziehen sich alle auf unsere Website checkmigcolombia.us.<\/p>\n<p><strong>\u00dcber unsere Dienstleistungen<\/strong><\/p>\n<p>Unser Hauptziel ist es, nicht-kolumbianischen Staatsb\u00fcrgern, die nach Kolumbien reisen m\u00f6chten, Informationen \u00fcber das Verfahren der Reisegenehmigung zu geben.<\/p>\n<p>Wir haben spezialisierte Agenten, die Ihnen dabei helfen k\u00f6nnen, genaue Informationen \u00fcber das Antragsverfahren und die kolumbianischen Reisebestimmungen zu erhalten.<\/p>\n<p>Wenn Sie zus\u00e4tzliche Informationen oder Klarstellungen ben\u00f6tigen, um den Antrag zu vervollst\u00e4ndigen, k\u00f6nnen Sie unsere Mitarbeiter per E-Mail erreichen.<\/p>\n<p>Wir bieten keine Rechtsberatung an und stehen in keiner Verbindung zu staatlichen Stellen.<\/p>\n<p>Wenn Sie im Zusammenhang mit Ihrer Bewerbung eine Rechtsberatung ben\u00f6tigen, wenden Sie sich bitte an einen zugelassenen Rechtsanwalt.<\/p>\n<p>Alle Informationen auf unserer Website stammen aus zuverl\u00e4ssigen Quellen und beruhen auf aktuellen \u00f6ffentlichen Informationen der kolumbianischen Beh\u00f6rden.<\/p>\n<p>Unsere Website wurde so gestaltet, dass Sie ganz einfach relevante und genaue Informationen \u00fcber ein Online-Portal abrufen k\u00f6nnen.<\/p>\n<p>Die Nutzung der Informationen auf unserer Website sollte jedoch auf eigenes Risiko erfolgen.<\/p>\n<p>Bitte wenden Sie sich an den Kundendienst, wenn Sie Fragen oder Bedenken bez\u00fcglich der auf dieser Website bereitgestellten Informationen haben.<\/p>\n<p>Wir bem\u00fchen uns, die aktuellsten und genauesten Informationen zur Verf\u00fcgung zu stellen, und wir \u00fcberwachen und \u00fcberpr\u00fcfen regelm\u00e4\u00dfig neue staatliche Richtlinien und Verfahren.<\/p>\n<p><strong>Service-Geb\u00fchr<\/strong><\/p>\n<p>Unsere Servicegeb\u00fchr betr\u00e4gt USD 52$. Das Zoll- und Einwanderungsformular ist auch kostenlos auf der von der Regierung betriebenen Website migracioncolombia.gov.co erh\u00e4ltlich.<\/p>\n<p><strong>Cookies<\/strong><\/p>\n<p>Cookies sind Textdateien, die Ihr Desktop- oder Mobilger\u00e4t von uns erh\u00e4lt. Sie sind entweder konto- oder browserspezifisch.<\/p>\n<p>Session-Cookies sind tempor\u00e4re Cookies, die nur existieren, solange Ihr Browser aktiv ist, und automatisch gel\u00f6scht werden, wenn der Browser nicht ge\u00f6ffnet ist.<\/p>\n<p>Dauerhafte Cookies bleiben in Ihrem Browser gespeichert, bis Sie sie l\u00f6schen oder sie ablaufen.<\/p>\n<p>Besuchen Sie http:\/\/www.allaboutcookies.org\/, um mehr \u00fcber Cookies zu erfahren.<\/p>\n<p>Das Unternehmen verwendet Cookies und \u00e4hnliche Technologien wie Web Beacons und Single Pixel Gifs. Auf unserer Website werden sitzungsbasierte, aber auch dauerhafte Cookies verwendet. Auf den vom Unternehmen und seinen Partnern und Tochtergesellschaften verwalteten Domains setzen wir unsere Cookies und greifen darauf zu.<\/p>\n<p>Wir verwenden auch Cookies von Drittanbietern, wie z.B. Google Analytics.<\/p>\n<p>Um zu wissen, dass Sie eingeloggt sind und wo Sie eingeloggt sind, werden einige Cookies mit Ihrem Konto und Ihren pers\u00f6nlichen Daten verkn\u00fcpft.<\/p>\n<p>Andere Cookies sind nicht mit Ihrem Konto verkn\u00fcpft &#8211; sie sind einmalig und helfen uns unter anderem bei der Anpassung und Analyse.<\/p>\n<p>Wenn Sie die Dienste unserer Website besuchen und nutzen, k\u00f6nnen Cookies verwendet werden, um Sie wiederzuerkennen, sich an Ihre Pr\u00e4ferenzen zu erinnern und diese zu speichern und Ihnen ein personalisiertes Nutzungserlebnis zu bieten, das mit Ihrem Profil und Ihren Pr\u00e4ferenzen \u00fcbereinstimmt.<\/p>\n<p>Cookies verbessern auch die Geschwindigkeit und Sicherheit Ihrer Interaktionen.<\/p>\n<figure class=\"wp-block-table\">\n<table>\n<thead>\n<tr>\n<td>\n  <strong>Kategorien der Verwendung<\/strong>\n<\/td>\n<td>\n  <strong>Beschreibung<\/strong>\n<\/td>\n<\/tr>\n<\/thead>\n<tbody>\n<tr>\n<td>Authentifizierung<\/td>\n<td>Cookies helfen bei der Bereitstellung der richtigen Informationen und der richtigen Nutzungserfahrung, wenn Sie bei unseren Diensten eingeloggt sind.<\/td>\n<\/tr>\n<tr>\n<td>Sicherheit<\/td>\n<td>Cookies werden verwendet, um die Sicherheitsmerkmale zu erm\u00f6glichen und zu unterst\u00fctzen sowie bei der Erkennung von b\u00f6sartigen Aktivit\u00e4ten zu helfen.<\/td>\n<\/tr>\n<tr>\n<td>Pr\u00e4ferenzen, Funktionen und Dienste<\/td>\n<td>Cookies k\u00f6nnen uns sagen, welche Sprache Sie bevorzugen und wie Sie am liebsten kommunizieren. Sie k\u00f6nnen Ihnen das Ausf\u00fcllen von Formularen auf unseren Websites erleichtern. Sie bieten Ihnen auch Funktionen, Einblicke und personalisierte Inhalte.<\/td>\n<\/tr>\n<tr>\n<td>Marketing<\/td>\n<td>Cookies k\u00f6nnen verwendet werden, um die Durchf\u00fchrung von Marketingkampagnen und die Verfolgung ihrer Effektivit\u00e4t zu unterst\u00fctzen (z.B. wenn ein Benutzer unser Help Center besucht und dann einen Kauf get\u00e4tigt hat). Dar\u00fcber hinaus k\u00f6nnen unsere Partner Cookies verwenden, um uns Informationen \u00fcber die Erfahrungen mit ihren Diensten zu liefern, aber ihre Verwendung unterliegt den Richtlinien des Dienstanbieters. Cookies k\u00f6nnen verwendet werden, um die Durchf\u00fchrung von Marketingkampagnen und die Verfolgung ihrer Wirksamkeit zu unterst\u00fctzen. In \u00e4hnlicher Weise k\u00f6nnen unsere Partner Cookies verwenden, um uns Informationen \u00fcber Ihre Erfahrungen mit ihren Diensten zu liefern, aber ihre Verwendung unterliegt den Richtlinien des Dienstanbieters.<\/td>\n<\/tr>\n<tr>\n<td>Leistung, Analyse und Forschung<\/td>\n<td>Cookies helfen uns dabei, die Effektivit\u00e4t unserer Website und Dienste zu bestimmen. Wir verwenden Cookies auch, um Produkte, Funktionen und Dienste besser zu verstehen, zu entwickeln und zu untersuchen, sowie um zu verfolgen, mit welchen Ger\u00e4ten Sie auf unsere Websites und Dienste zugreifen oder zugegriffen haben, z. B. mit Ihrem Arbeitscomputer oder Ihrem mobilen Ger\u00e4t.<\/td>\n<\/tr>\n<\/tbody>\n<\/table>\n<\/figure>\n<p>Cookies und andere Werbetechnologien wie Beacons, Pixel und Tags helfen uns dabei, Nutzer, von denen wir und unsere Partner glauben, dass sie sich f\u00fcr das Unternehmen interessieren k\u00f6nnten, effektiver zu bewerben.<\/p>\n<p>Sie helfen uns auch bei der Durchf\u00fchrung von Audits, Analysen und Berichten und informieren uns dar\u00fcber, wenn Inhalte von Ihnen angesehen wurden.<\/p>\n<p>Manche Menschen m\u00f6chten keine Cookies akzeptieren. Aus diesem Grund erlauben die meisten Browser, dass Sie Cookies nach Ihren W\u00fcnschen behandeln.<\/p>\n<p>Sie k\u00f6nnen Regeln einrichten, um sie in bestimmten Browsern Site f\u00fcr Site zu behandeln, so dass Sie eine genauere Kontrolle \u00fcber den Datenschutz haben.<\/p>\n<p>Das bedeutet, dass Sie die Cookies von allen Websites blockieren k\u00f6nnen, au\u00dfer von denen, denen Sie vertrauen.<\/p>\n<p><strong>Website verwenden<\/strong><\/p>\n<p>Durch die Nutzung unserer Website erkl\u00e4ren Sie sich damit einverstanden, diese ausschlie\u00dflich f\u00fcr pers\u00f6nliche Zwecke zu nutzen.<\/p>\n<p>Es ist Ihnen nicht gestattet, Teile der Website herunterzuladen, zu ver\u00e4ndern oder zu modifizieren, um sie f\u00fcr kommerzielle Zwecke wie Wiederverkauf oder Werbung zu nutzen.<\/p>\n<p>Ein privates Unternehmen ist der alleinige Eigent\u00fcmer dieser privaten Website.<\/p>\n<p><strong>Partnerprogramme<\/strong><\/p>\n<p>Zur Zeit sind keine Partnerprogramme verf\u00fcgbar.<\/p>\n<p><strong>Lizenz Website und Logodesign<\/strong><\/p>\n<p>Wir und die Eigent\u00fcmer der Inhalte sind Eigent\u00fcmer des gesamten Materials, das auf dieser Website erstellt wird.<\/p>\n<p>Text, Grafiken, Logos, Schaltfl\u00e4chensymbole, Fotografien, Datensammlungen und Anwendungen sind alles Beispiele daf\u00fcr.<\/p>\n<p>Alle Inhalte unterliegen dem internationalen Urheber- und Markenrecht.<\/p>\n<p>Die Gesetze des Landes, in dem unser Unternehmen t\u00e4tig ist, bieten Schutz f\u00fcr unsere Materialsammlungen.<\/p>\n<p>Die auf dieser Website verwendete Software ist das alleinige Eigentum der Website und ist sowohl durch lokale und internationale Urheberrechtsgesetze als auch durch die Softwareanbieter gesch\u00fctzt.<\/p>\n<p><strong>Rechtliche Hinweise und Haftungsausschluss<\/strong><\/p>\n<p>Diese Website steht in keiner Verbindung mit der kolumbianischen Regierung oder einer anderen staatlichen Beh\u00f6rde.<\/p>\n<p>Dies ist ein Unternehmen in Privatbesitz.<\/p>\n<p>Die Plattform wird betrieben von, und jegliche Korrespondenz sollte an gerichtet werden:<\/p>\n<figure class=\"wp-block-image size-full\"><img decoding=\"async\" class=\"wp-image-138\" title=\"Bedingungen und Konditionen 1\" src=\"https:\/\/checkmigcolombia.us\/wp-content\/uploads\/2024\/04\/address-1.png\" alt=\"Adresse 1\" width=\"286\" height=\"161\"><\/figure>\n<p><strong>Sonstiges<\/strong><\/p>\n<p>Jedes Mal, wenn Sie diese Website besuchen, erkl\u00e4ren Sie sich automatisch mit unseren Allgemeinen Gesch\u00e4ftsbedingungen einverstanden.<\/p>\n<p>Wir haben das Recht, diese Bedingungen zu erg\u00e4nzen oder zu \u00e4ndern, und alle \u00c4nderungen oder Modifikationen treten sofort in Kraft.<\/p>\n<p>Jede \u00c4nderung der Bedingungen muss von der Person, die auf diese Seite zugreift, \u00fcberpr\u00fcft werden.<\/p>\n<p><strong>Allgemeine Bedingungen<\/strong><\/p>\n<p>Sie best\u00e4tigen, dass Sie in Ihrem Land und Staat vollj\u00e4hrig sind, indem Sie diesen Bedingungen zustimmen.<\/p>\n<p>Wenn Sie noch nicht vollj\u00e4hrig sind, erkl\u00e4ren Sie sich damit einverstanden, unsere Website mit der Erlaubnis Ihres minderj\u00e4hrigen Unterhaltsberechtigten zu nutzen.<\/p>\n<p>Die Nutzung unserer Dienste in einer ungesetzlichen oder nicht autorisierten Weise, die gegen die Gesetze in Ihrem Land verst\u00f6\u00dft, ist streng verboten.<\/p>\n<p>Wir behalten uns das Recht vor, den Service immer dann zu verweigern, wenn wir der Meinung sind, dass die w\u00e4hrend des Services gemachten Angaben unrechtm\u00e4\u00dfig oder irref\u00fchrend sind. Da es sich um eine Straftat handelt, w\u00fcrde jegliches kriminelle Verhalten dazu f\u00fchren, dass wir unsere Beziehung zu Ihnen beenden.<\/p>\n<p>Letzte Aktualisierung: 25. M\u00e4rz 2024<\/p>\n\t\t\t\t\t\t\t\t<\/div>\n\t\t\t\t<\/div>\n\t\t\t\t\t<\/div>\n\t\t\t\t<\/div>\n\t\t\t\t<\/div>\n\t\t","protected":false},"excerpt":{"rendered":"<p>Bedingungen und Konditionen Jedes Mal, wenn Sie unsere Website besuchen oder einen Kauf bei uns t\u00e4tigen, nutzen Sie unseren &#8220;Service&#8221; und erkl\u00e4ren sich mit unseren Allgemeinen Gesch\u00e4ftsbedingungen (&#8220;AGB&#8221;) einverstanden. Jeder, der die Website besucht, ist automatisch an die Bedingungen und Konditionen gebunden. Kunden, K\u00e4ufer, Besucher, Autoren von Inhalten und alle anderen, die die Website nutzen,&#8230;<\/p>\n","protected":false},"author":1,"featured_media":0,"parent":0,"menu_order":0,"comment_status":"closed","ping_status":"closed","template":"","meta":{"_kad_post_transparent":"","_kad_post_title":"","_kad_post_layout":"","_kad_post_sidebar_id":"","_kad_post_content_style":"","_kad_post_vertical_padding":"","_kad_post_feature":"","_kad_post_feature_position":"","_kad_post_header":false,"_kad_post_footer":false,"_kad_post_classname":"","footnotes":""},"class_list":["post-678","page","type-page","status-publish","hentry"],"_links":{"self":[{"href":"https:\/\/checkmig.visator.com\/de\/wp-json\/wp\/v2\/pages\/678","targetHints":{"allow":["GET"]}}],"collection":[{"href":"https:\/\/checkmig.visator.com\/de\/wp-json\/wp\/v2\/pages"}],"about":[{"href":"https:\/\/checkmig.visator.com\/de\/wp-json\/wp\/v2\/types\/page"}],"author":[{"embeddable":true,"href":"https:\/\/checkmig.visator.com\/de\/wp-json\/wp\/v2\/users\/1"}],"replies":[{"embeddable":true,"href":"https:\/\/checkmig.visator.com\/de\/wp-json\/wp\/v2\/comments?post=678"}],"version-history":[{"count":1,"href":"https:\/\/checkmig.visator.com\/de\/wp-json\/wp\/v2\/pages\/678\/revisions"}],"predecessor-version":[{"id":679,"href":"https:\/\/checkmig.visator.com\/de\/wp-json\/wp\/v2\/pages\/678\/revisions\/679"}],"wp:attachment":[{"href":"https:\/\/checkmig.visator.com\/de\/wp-json\/wp\/v2\/media?parent=678"}],"curies":[{"name":"wp","href":"https:\/\/api.w.org\/{rel}","templated":true}]}}